{"id":378,"date":"2022-01-31T08:52:11","date_gmt":"2022-01-31T08:52:11","guid":{"rendered":"https:\/\/centre-agro.mls-test.ch\/aktuelles\/"},"modified":"2025-12-10T10:01:56","modified_gmt":"2025-12-10T10:01:56","slug":"aktuelles","status":"publish","type":"page","link":"https:\/\/mecaniqueracine.ch\/de\/aktuelles\/","title":{"rendered":"Aktuelles"},"content":{"rendered":"<p>[et_pb_section fb_built=&#8220;1&#8243; custom_padding_last_edited=&#8220;on|phone&#8220; _builder_version=&#8220;4.16&#8243; _module_preset=&#8220;default&#8220; background_color_gradient_start=&#8220;rgba(255,255,255,0.68)&#8220; background_color_gradient_end=&#8220;rgba(255,255,255,0)&#8220; background_image=&#8220;https:\/\/mecaniqueracine.ch\/wp-content\/uploads\/2022\/03\/Hauptfoto-Location-1.jpg&#8220; custom_padding=&#8220;300px||300px||true|false&#8220; custom_padding_tablet=&#8220;200px||200px||true|false&#8220; custom_padding_phone=&#8220;150px||150px||true|false&#8220; background_last_edited=&#8220;on|phone&#8220; use_background_color_gradient_tablet=&#8220;on&#8220; use_background_color_gradient_phone=&#8220;on&#8220; background_color_gradient_stops_tablet=&#8220;rgba(255,255,255,0.68) 0%|rgba(255,255,255,0) 100%&#8220; background_color_gradient_stops_phone=&#8220;rgba(255,255,255,0.68) 0%|rgba(255,255,255,0) 100%&#8220; background_color_gradient_end_tablet=&#8220;rgba(255,255,255,0)&#8220; background_color_gradient_end_phone=&#8220;rgba(255,255,255,0)&#8220; global_colors_info=&#8220;{}&#8220;][et_pb_row _builder_version=&#8220;4.16&#8243; _module_preset=&#8220;default&#8220; positioning=&#8220;absolute&#8220; position_origin_a=&#8220;bottom_right&#8220; horizontal_offset=&#8220;50px&#8220; horizontal_offset_tablet=&#8220;&#8220; horizontal_offset_phone=&#8220;40px&#8220; horizontal_offset_last_edited=&#8220;on|phone&#8220; global_colors_info=&#8220;{}&#8220;][et_pb_column type=&#8220;4_4&#8243; _builder_version=&#8220;4.16&#8243; _module_preset=&#8220;default&#8220; global_colors_info=&#8220;{}&#8220;][et_pb_text _builder_version=&#8220;4.23.1&#8243; _module_preset=&#8220;default&#8220; header_font=&#8220;Montserrat||||||||&#8220; header_text_color=&#8220;#FFFFFF&#8220; header_font_size=&#8220;35px&#8220; header_2_font=&#8220;Montserrat||||||||&#8220; header_2_text_color=&#8220;#000000&#8243; header_2_font_size=&#8220;60px&#8220; header_3_font=&#8220;Montserrat|700|||||||&#8220; header_3_text_align=&#8220;right&#8220; header_3_text_color=&#8220;#FFFFFF&#8220; header_3_font_size=&#8220;40px&#8220; custom_margin=&#8220;||0px|-3px|false|false&#8220; header_2_font_size_tablet=&#8220;60px&#8220; header_2_font_size_phone=&#8220;44px&#8220; header_2_font_size_last_edited=&#8220;on|phone&#8220; header_3_text_align_tablet=&#8220;right&#8220; header_3_text_align_phone=&#8220;left&#8220; header_3_text_align_last_edited=&#8220;on|phone&#8220; header_3_font_size_tablet=&#8220;40px&#8220; header_3_font_size_phone=&#8220;30px&#8220; header_3_font_size_last_edited=&#8220;on|phone&#8220; global_colors_info=&#8220;{}&#8220;]<\/p>\n<h3>Die Natur ist unser Antrieb.<\/h3>\n<p>[\/et_pb_text][\/et_pb_column][\/et_pb_row][\/et_pb_section][et_pb_section fb_built=&#8220;1&#8243; _builder_version=&#8220;4.16&#8243; _module_preset=&#8220;default&#8220; custom_padding=&#8220;||||false|false&#8220; global_colors_info=&#8220;{}&#8220;][et_pb_row use_custom_gutter=&#8220;on&#8220; make_equal=&#8220;on&#8220; _builder_version=&#8220;4.16&#8243; _module_preset=&#8220;default&#8220; max_width=&#8220;1140px&#8220; global_colors_info=&#8220;{}&#8220;][et_pb_column type=&#8220;4_4&#8243; _builder_version=&#8220;4.16&#8243; _module_preset=&#8220;default&#8220; global_colors_info=&#8220;{}&#8220;][et_pb_text _builder_version=&#8220;4.23.1&#8243; _module_preset=&#8220;default&#8220; header_font=&#8220;Montserrat||||||||&#8220; header_text_color=&#8220;#000000&#8243; header_font_size=&#8220;35px&#8220; custom_margin=&#8220;||0px||false|false&#8220; header_font_size_tablet=&#8220;35px&#8220; header_font_size_phone=&#8220;25px&#8220; header_font_size_last_edited=&#8220;on|phone&#8220; global_colors_info=&#8220;{}&#8220;]<\/p>\n<h1>Racine Centre Agrom\u00e9canique<\/h1>\n<p>[\/et_pb_text][et_pb_text _builder_version=&#8220;4.23.1&#8243; _module_preset=&#8220;default&#8220; header_font=&#8220;Montserrat||||||||&#8220; header_text_color=&#8220;#000000&#8243; header_font_size=&#8220;35px&#8220; header_2_font=&#8220;Montserrat||||||||&#8220; header_2_text_color=&#8220;#000000&#8243; header_2_font_size=&#8220;60px&#8220; custom_margin=&#8220;||10px||false|false&#8220; header_2_font_size_tablet=&#8220;60px&#8220; header_2_font_size_phone=&#8220;44px&#8220; header_2_font_size_last_edited=&#8220;on|phone&#8220; global_colors_info=&#8220;{}&#8220;]<\/p>\n<h2><strong>Aktuelles<\/strong><\/h2>\n<p>[\/et_pb_text][et_pb_button button_url=&#8220;http:\/\/bit.ly\/3YKhfXF&#8220; url_new_window=&#8220;on&#8220; button_text=&#8220;newsletter aktuell&#8220; button_alignment=&#8220;left&#8220; _builder_version=&#8220;4.23.1&#8243; _module_preset=&#8220;default&#8220; custom_button=&#8220;on&#8220; button_text_color=&#8220;#000000&#8243; button_border_color=&#8220;#000000&#8243; button_font=&#8220;Montserrat||||||||&#8220; button_use_icon=&#8220;off&#8220; custom_margin=&#8220;30px||||false|false&#8220; global_colors_info=&#8220;{}&#8220;][\/et_pb_button][\/et_pb_column][\/et_pb_row][et_pb_row column_structure=&#8220;1_2,1_2&#8243; use_custom_gutter=&#8220;on&#8220; make_equal=&#8220;on&#8220; _builder_version=&#8220;4.23.1&#8243; _module_preset=&#8220;default&#8220; max_width=&#8220;1140px&#8220; custom_padding=&#8220;||100px||false|false&#8220; custom_css_main_element=&#8220;align-items: center;&#8220; global_colors_info=&#8220;{}&#8220;][et_pb_column type=&#8220;1_2&#8243; _builder_version=&#8220;4.16&#8243; _module_preset=&#8220;default&#8220; border_radii=&#8220;on|5px|5px|5px|5px&#8220; global_colors_info=&#8220;{}&#8220; custom_padding__hover_enabled=&#8220;off|desktop&#8220;][et_pb_image src=&#8220;https:\/\/mecaniqueracine.ch\/wp-content\/uploads\/2024\/02\/racine-post.jpg&#8220; title_text=&#8220;racine-post&#8220; _builder_version=&#8220;4.23.1&#8243; _module_preset=&#8220;default&#8220; border_radii=&#8220;on|5px|5px|5px|5px&#8220; global_colors_info=&#8220;{}&#8220;][\/et_pb_image][\/et_pb_column][et_pb_column type=&#8220;1_2&#8243; _builder_version=&#8220;4.23.1&#8243; _module_preset=&#8220;default&#8220; border_radii=&#8220;on|5px|5px|5px|5px&#8220; global_colors_info=&#8220;{}&#8220; custom_padding__hover_enabled=&#8220;off|desktop&#8220;][et_pb_text disabled_on=&#8220;on|on|on&#8220; _builder_version=&#8220;4.23.1&#8243; _module_preset=&#8220;default&#8220; text_font=&#8220;Montserrat||||||||&#8220; disabled=&#8220;on&#8220; global_colors_info=&#8220;{}&#8220;]<\/p>\n<p><b><span>Nous sommes \u00e0 la recherche d&#8217;un \/d&#8217;une monteur\/monteuse robot pour agrandir notre \u00e9quipe<\/span><\/b><\/p>\n<p><span>Tes futurs t\u00e2ches:<\/span><\/p>\n<p><span>Pose de robot de tonte<\/span><br \/><span>Entretien des robots<\/span><br \/><span>D\u00e9pannage<\/span><br \/><span>Hors saison nous avons besoin d&#8217;une personne polyvalente pour diverses t\u00e2ches comme la pose de porte de garage, pose de cl\u00f4ture et aide en atelier<\/span><\/p>\n<p><span>Entr\u00e9e en fonction: le 1er Avril 2024<\/span><\/p>\n<p><span>Profil recherch\u00e9 :<\/span><\/p>\n<p><span>Tu es motiv\u00e9-e<\/span><br \/><span>Exp\u00e9rience confirm\u00e9e en m\u00e9canique<\/span><br \/><span>Permis de conduire<\/span><br \/><span>Polyvalent-e, flexible, dynamique et organis\u00e9-e<\/span><br \/><span>Bonne ma\u00eetrise du fran\u00e7ais<\/span><br \/><span>Envoie nous ton CV et ta lettre de motivation<\/span><\/p>\n<p>[\/et_pb_text][\/et_pb_column][\/et_pb_row][et_pb_row _builder_version=&#8220;4.18.0&#8243; _module_preset=&#8220;default&#8220; global_colors_info=&#8220;{}&#8220;][et_pb_column type=&#8220;4_4&#8243; _builder_version=&#8220;4.18.0&#8243; _module_preset=&#8220;default&#8220; global_colors_info=&#8220;{}&#8220;][et_pb_gallery gallery_ids=&#8220;2516,2518,2520,869,851,853,855,857,859,861,863,865,867,878,880&#8243; posts_number=&#8220;12&#8243; show_title_and_caption=&#8220;off&#8220; show_pagination=&#8220;off&#8220; _builder_version=&#8220;4.23.1&#8243; _module_preset=&#8220;default&#8220; global_colors_info=&#8220;{}&#8220;][\/et_pb_gallery][\/et_pb_column][\/et_pb_row][et_pb_row column_structure=&#8220;1_2,1_2&#8243; _builder_version=&#8220;4.18.0&#8243; _module_preset=&#8220;default&#8220; global_colors_info=&#8220;{}&#8220;][et_pb_column type=&#8220;1_2&#8243; _builder_version=&#8220;4.18.0&#8243; _module_preset=&#8220;default&#8220; global_colors_info=&#8220;{}&#8220;][et_pb_video src=&#8220;https:\/\/mecaniqueracine.ch\/wp-content\/uploads\/2022\/10\/VID-20221013-WA0008-1.mp4&#8243; _builder_version=&#8220;4.18.0&#8243; _module_preset=&#8220;default&#8220; global_colors_info=&#8220;{}&#8220;][\/et_pb_video][\/et_pb_column][et_pb_column type=&#8220;1_2&#8243; _builder_version=&#8220;4.18.0&#8243; _module_preset=&#8220;default&#8220; global_colors_info=&#8220;{}&#8220;][et_pb_video src=&#8220;https:\/\/mecaniqueracine.ch\/wp-content\/uploads\/2022\/10\/VID-20221013-WA0009-1.mp4&#8243; _builder_version=&#8220;4.18.0&#8243; _module_preset=&#8220;default&#8220; global_colors_info=&#8220;{}&#8220;][\/et_pb_video][\/et_pb_column][\/et_pb_row][et_pb_row use_custom_gutter=&#8220;on&#8220; make_equal=&#8220;on&#8220; _builder_version=&#8220;4.16&#8243; _module_preset=&#8220;default&#8220; max_width=&#8220;1140px&#8220; custom_css_main_element=&#8220;align-items: center;&#8220; global_colors_info=&#8220;{}&#8220;][et_pb_column type=&#8220;4_4&#8243; _builder_version=&#8220;4.16&#8243; _module_preset=&#8220;default&#8220; border_radii=&#8220;on|5px|5px|5px|5px&#8220; global_colors_info=&#8220;{}&#8220; custom_padding__hover_enabled=&#8220;off|desktop&#8220;][et_pb_code disabled_on=&#8220;off|off|off&#8220; _builder_version=&#8220;4.16&#8243; _module_preset=&#8220;default&#8220; custom_margin=&#8220;||72px|||&#8220; global_colors_info=&#8220;{}&#8220;]<iframe loading=\"lazy\" src=\"https:\/\/mecaniqueracine.ch\/wp-content\/uploads\/2022\/09\/KULT-VIGNE-1.pdf\" frameborder=\"0\" height=\"800px\" width=\"100%\"><!-- [et_pb_line_break_holder] --><\/iframe>[\/et_pb_code][et_pb_image src=&#8220;https:\/\/mecaniqueracine.ch\/wp-content\/uploads\/2022\/09\/FELCOREPRISE.jpg&#8220; title_text=&#8220;190410_FELCO_KEYVISUALS&#8220; _builder_version=&#8220;4.16&#8243; _module_preset=&#8220;default&#8220; custom_margin=&#8220;3px|||||&#8220; global_colors_info=&#8220;{}&#8220;][\/et_pb_image][et_pb_text _builder_version=&#8220;4.16&#8243; _module_preset=&#8220;default&#8220; header_font=&#8220;Montserrat||||||||&#8220; header_text_color=&#8220;#000000&#8243; header_font_size=&#8220;35px&#8220; header_2_font=&#8220;Montserrat||||||||&#8220; header_2_text_color=&#8220;#000000&#8243; header_2_font_size=&#8220;60px&#8220; header_3_font=&#8220;Montserrat||||||||&#8220; header_3_text_color=&#8220;#000000&#8243; header_3_font_size=&#8220;40px&#8220; custom_margin=&#8220;-20px||0px|-3px|false|false&#8220; custom_padding=&#8220;||80px|||&#8220; header_2_font_size_tablet=&#8220;60px&#8220; header_2_font_size_phone=&#8220;44px&#8220; header_2_font_size_last_edited=&#8220;on|phone&#8220; header_3_font_size_tablet=&#8220;40px&#8220; header_3_font_size_phone=&#8220;30px&#8220; header_3_font_size_last_edited=&#8220;on|phone&#8220; global_colors_info=&#8220;{}&#8220;]<\/p>\n<h5><span>\u00a0D\u00e9posez votre ancien s\u00e9cateur \u00e9lectrique ou pneumatique de toute marque et b\u00e9n\u00e9ficiez d\u2019une remise de Fr. 450.\u2013 TTC sur un nouveau s\u00e9cateur <\/span><\/h5>\n<h5><span>\u00a0\u00e9lectrique complet FELCO.<\/span><\/h5>\n<p>[\/et_pb_text][\/et_pb_column][\/et_pb_row][\/et_pb_section][et_pb_section fb_built=&#8220;1&#8243; _builder_version=&#8220;4.16&#8243; _module_preset=&#8220;default&#8220; custom_padding=&#8220;||||false|false&#8220; global_colors_info=&#8220;{}&#8220;][et_pb_row use_custom_gutter=&#8220;on&#8220; make_equal=&#8220;on&#8220; _builder_version=&#8220;4.16&#8243; _module_preset=&#8220;default&#8220; max_width=&#8220;1140px&#8220; global_colors_info=&#8220;{}&#8220;][et_pb_column type=&#8220;4_4&#8243; _builder_version=&#8220;4.16&#8243; _module_preset=&#8220;default&#8220; global_colors_info=&#8220;{}&#8220;][et_pb_text _builder_version=&#8220;4.16&#8243; _module_preset=&#8220;default&#8220; header_font=&#8220;Montserrat||||||||&#8220; header_text_color=&#8220;#000000&#8243; header_font_size=&#8220;35px&#8220; custom_margin=&#8220;||0px||false|false&#8220; header_font_size_tablet=&#8220;35px&#8220; header_font_size_phone=&#8220;25px&#8220; header_font_size_last_edited=&#8220;on|phone&#8220; global_colors_info=&#8220;{}&#8220;]<\/p>\n<h1>Racine Centre Agrom\u00e9canique<\/h1>\n<p>[\/et_pb_text][\/et_pb_column][\/et_pb_row][\/et_pb_section][et_pb_section fb_built=&#8220;1&#8243; disabled_on=&#8220;on|on|on&#8220; _builder_version=&#8220;4.16&#8243; _module_preset=&#8220;default&#8220; custom_padding=&#8220;||||false|false&#8220; disabled=&#8220;on&#8220; locked=&#8220;off&#8220; global_colors_info=&#8220;{}&#8220;][et_pb_row use_custom_gutter=&#8220;on&#8220; make_equal=&#8220;on&#8220; _builder_version=&#8220;4.16&#8243; _module_preset=&#8220;default&#8220; max_width=&#8220;1140px&#8220; global_colors_info=&#8220;{}&#8220;][et_pb_column type=&#8220;4_4&#8243; _builder_version=&#8220;4.16&#8243; _module_preset=&#8220;default&#8220; global_colors_info=&#8220;{}&#8220;][et_pb_text _builder_version=&#8220;4.16&#8243; _module_preset=&#8220;default&#8220; header_font=&#8220;Montserrat||||||||&#8220; header_text_color=&#8220;#000000&#8243; header_font_size=&#8220;35px&#8220; custom_margin=&#8220;||0px||false|false&#8220; header_font_size_tablet=&#8220;35px&#8220; header_font_size_phone=&#8220;25px&#8220; header_font_size_last_edited=&#8220;on|phone&#8220; global_colors_info=&#8220;{}&#8220;]<\/p>\n<h1>Consultez les newsletters<\/h1>\n<p>[\/et_pb_text][et_pb_text _builder_version=&#8220;4.16&#8243; _module_preset=&#8220;default&#8220; header_font=&#8220;Montserrat||||||||&#8220; header_text_color=&#8220;#000000&#8243; header_font_size=&#8220;35px&#8220; header_2_font=&#8220;Montserrat||||||||&#8220; header_2_text_color=&#8220;#000000&#8243; header_2_font_size=&#8220;60px&#8220; custom_margin=&#8220;||10px||false|false&#8220; header_2_font_size_tablet=&#8220;60px&#8220; header_2_font_size_phone=&#8220;44px&#8220; header_2_font_size_last_edited=&#8220;on|phone&#8220; global_colors_info=&#8220;{}&#8220;]<\/p>\n<h2><strong>Newsletter<\/strong><\/h2>\n<p>[\/et_pb_text][\/et_pb_column][\/et_pb_row][et_pb_row _builder_version=&#8220;4.16&#8243; _module_preset=&#8220;default&#8220; global_colors_info=&#8220;{}&#8220;][et_pb_column type=&#8220;4_4&#8243; _builder_version=&#8220;4.16&#8243; _module_preset=&#8220;default&#8220; global_colors_info=&#8220;{}&#8220;][et_pb_code _builder_version=&#8220;4.16&#8243; _module_preset=&#8220;default&#8220; global_colors_info=&#8220;{}&#8220;]<script type=\"text\/javascript\" src=\"\/\/sites.yext.com\/313564-posts.js\"><\/script><!-- [et_pb_line_break_holder] -->[\/et_pb_code][\/et_pb_column][\/et_pb_row][\/et_pb_section]<\/p>\n","protected":false},"excerpt":{"rendered":"<p>Die Natur ist unser Antrieb.Racine Centre Agrom\u00e9caniqueAktuellesNous sommes \u00e0 la recherche d&#8217;un \/d&#8217;une monteur\/monteuse robot pour agrandir notre \u00e9quipe Tes futurs t\u00e2ches: Pose de robot de tonteEntretien des robotsD\u00e9pannageHors saison nous avons besoin d&#8217;une personne polyvalente pour diverses t\u00e2ches comme la pose de porte de garage, pose de cl\u00f4ture et aide en atelier Entr\u00e9e en fonction: le 1er Avril 2024 Profil recherch\u00e9 : Tu es motiv\u00e9-eExp\u00e9rience confirm\u00e9e en m\u00e9caniquePermis de conduirePolyvalent-e, flexible, dynamique et organis\u00e9-eBonne ma\u00eetrise du fran\u00e7aisEnvoie nous ton CV et ta lettre de motivation\u00a0D\u00e9posez votre ancien s\u00e9cateur \u00e9lectrique ou pneumatique de toute marque et b\u00e9n\u00e9ficiez d\u2019une remise de Fr. 450.\u2013 TTC sur un nouveau s\u00e9cateur \u00a0\u00e9lectrique complet FELCO.Racine Centre Agrom\u00e9caniqueConsultez les newslettersNewsletter<\/p>\n","protected":false},"author":1,"featured_media":0,"parent":0,"menu_order":0,"comment_status":"closed","ping_status":"closed","template":"","meta":{"_et_pb_use_builder":"on","_et_pb_old_content":"","_et_gb_content_width":"","footnotes":""},"class_list":["post-378","page","type-page","status-publish","hentry"],"yoast_head":"<!-- This site is optimized with the Yoast SEO plugin v27.4 - https:\/\/yoast.com\/product\/yoast-seo-wordpress\/ -->\n<title>Aktuelles - Agromechanisches Zentrum Racine in Le Landeron<\/title>\n<meta name=\"description\" content=\"Newsletter, Aktuelles, Angebote, Events und mehr rund um das Agromechanisches Zentrum Racine finden Sie hier.\" \/>\n<meta name=\"robots\" content=\"index, follow, max-snippet:-1, max-image-preview:large, max-video-preview:-1\" \/>\n<link rel=\"canonical\" href=\"https:\/\/mecaniqueracine.ch\/de\/aktuelles\/\" \/>\n<meta property=\"og:locale\" content=\"de_DE\" \/>\n<meta property=\"og:type\" content=\"article\" \/>\n<meta property=\"og:title\" content=\"Aktuelles - Agromechanisches Zentrum Racine in Le Landeron\" \/>\n<meta property=\"og:description\" content=\"Newsletter, Aktuelles, Angebote, Events und mehr rund um das Agromechanisches Zentrum Racine finden Sie hier.\" \/>\n<meta property=\"og:url\" content=\"https:\/\/mecaniqueracine.ch\/de\/aktuelles\/\" \/>\n<meta property=\"og:site_name\" content=\"Agromechanisches Zentrum Racine\" \/>\n<meta property=\"article:modified_time\" content=\"2025-12-10T10:01:56+00:00\" \/>\n<meta name=\"twitter:card\" content=\"summary_large_image\" \/>\n<meta name=\"twitter:label1\" content=\"Gesch\u00e4tzte Lesezeit\" \/>\n\t<meta name=\"twitter:data1\" content=\"4\u00a0Minuten\" \/>\n<script type=\"application\/ld+json\" class=\"yoast-schema-graph\">{\"@context\":\"https:\\\/\\\/schema.org\",\"@graph\":[{\"@type\":\"WebPage\",\"@id\":\"https:\\\/\\\/mecaniqueracine.ch\\\/de\\\/aktuelles\\\/\",\"url\":\"https:\\\/\\\/mecaniqueracine.ch\\\/de\\\/aktuelles\\\/\",\"name\":\"Aktuelles - Agromechanisches Zentrum Racine in Le Landeron\",\"isPartOf\":{\"@id\":\"https:\\\/\\\/mecaniqueracine.ch\\\/#website\"},\"datePublished\":\"2022-01-31T08:52:11+00:00\",\"dateModified\":\"2025-12-10T10:01:56+00:00\",\"description\":\"Newsletter, Aktuelles, Angebote, Events und mehr rund um das Agromechanisches Zentrum Racine finden Sie hier.\",\"breadcrumb\":{\"@id\":\"https:\\\/\\\/mecaniqueracine.ch\\\/de\\\/aktuelles\\\/#breadcrumb\"},\"inLanguage\":\"de\",\"potentialAction\":[{\"@type\":\"ReadAction\",\"target\":[\"https:\\\/\\\/mecaniqueracine.ch\\\/de\\\/aktuelles\\\/\"]}]},{\"@type\":\"BreadcrumbList\",\"@id\":\"https:\\\/\\\/mecaniqueracine.ch\\\/de\\\/aktuelles\\\/#breadcrumb\",\"itemListElement\":[{\"@type\":\"ListItem\",\"position\":1,\"name\":\"Accueil\",\"item\":\"https:\\\/\\\/mecaniqueracine.ch\\\/de\\\/\"},{\"@type\":\"ListItem\",\"position\":2,\"name\":\"Aktuelles\"}]},{\"@type\":\"WebSite\",\"@id\":\"https:\\\/\\\/mecaniqueracine.ch\\\/#website\",\"url\":\"https:\\\/\\\/mecaniqueracine.ch\\\/\",\"name\":\"Agromechanisches Zentrum Racine\",\"description\":\"Just another WordPress site\",\"potentialAction\":[{\"@type\":\"SearchAction\",\"target\":{\"@type\":\"EntryPoint\",\"urlTemplate\":\"https:\\\/\\\/mecaniqueracine.ch\\\/?s={search_term_string}\"},\"query-input\":{\"@type\":\"PropertyValueSpecification\",\"valueRequired\":true,\"valueName\":\"search_term_string\"}}],\"inLanguage\":\"de\"}]}<\/script>\n<!-- \/ Yoast SEO plugin. -->","yoast_head_json":{"title":"Aktuelles - Agromechanisches Zentrum Racine in Le Landeron","description":"Newsletter, Aktuelles, Angebote, Events und mehr rund um das Agromechanisches Zentrum Racine finden Sie hier.","robots":{"index":"index","follow":"follow","max-snippet":"max-snippet:-1","max-image-preview":"max-image-preview:large","max-video-preview":"max-video-preview:-1"},"canonical":"https:\/\/mecaniqueracine.ch\/de\/aktuelles\/","og_locale":"de_DE","og_type":"article","og_title":"Aktuelles - Agromechanisches Zentrum Racine in Le Landeron","og_description":"Newsletter, Aktuelles, Angebote, Events und mehr rund um das Agromechanisches Zentrum Racine finden Sie hier.","og_url":"https:\/\/mecaniqueracine.ch\/de\/aktuelles\/","og_site_name":"Agromechanisches Zentrum Racine","article_modified_time":"2025-12-10T10:01:56+00:00","twitter_card":"summary_large_image","twitter_misc":{"Gesch\u00e4tzte Lesezeit":"4\u00a0Minuten"},"schema":{"@context":"https:\/\/schema.org","@graph":[{"@type":"WebPage","@id":"https:\/\/mecaniqueracine.ch\/de\/aktuelles\/","url":"https:\/\/mecaniqueracine.ch\/de\/aktuelles\/","name":"Aktuelles - Agromechanisches Zentrum Racine in Le Landeron","isPartOf":{"@id":"https:\/\/mecaniqueracine.ch\/#website"},"datePublished":"2022-01-31T08:52:11+00:00","dateModified":"2025-12-10T10:01:56+00:00","description":"Newsletter, Aktuelles, Angebote, Events und mehr rund um das Agromechanisches Zentrum Racine finden Sie hier.","breadcrumb":{"@id":"https:\/\/mecaniqueracine.ch\/de\/aktuelles\/#breadcrumb"},"inLanguage":"de","potentialAction":[{"@type":"ReadAction","target":["https:\/\/mecaniqueracine.ch\/de\/aktuelles\/"]}]},{"@type":"BreadcrumbList","@id":"https:\/\/mecaniqueracine.ch\/de\/aktuelles\/#breadcrumb","itemListElement":[{"@type":"ListItem","position":1,"name":"Accueil","item":"https:\/\/mecaniqueracine.ch\/de\/"},{"@type":"ListItem","position":2,"name":"Aktuelles"}]},{"@type":"WebSite","@id":"https:\/\/mecaniqueracine.ch\/#website","url":"https:\/\/mecaniqueracine.ch\/","name":"Agromechanisches Zentrum Racine","description":"Just another WordPress site","potentialAction":[{"@type":"SearchAction","target":{"@type":"EntryPoint","urlTemplate":"https:\/\/mecaniqueracine.ch\/?s={search_term_string}"},"query-input":{"@type":"PropertyValueSpecification","valueRequired":true,"valueName":"search_term_string"}}],"inLanguage":"de"}]}},"_links":{"self":[{"href":"https:\/\/mecaniqueracine.ch\/de\/wp-json\/wp\/v2\/pages\/378","targetHints":{"allow":["GET"]}}],"collection":[{"href":"https:\/\/mecaniqueracine.ch\/de\/wp-json\/wp\/v2\/pages"}],"about":[{"href":"https:\/\/mecaniqueracine.ch\/de\/wp-json\/wp\/v2\/types\/page"}],"author":[{"embeddable":true,"href":"https:\/\/mecaniqueracine.ch\/de\/wp-json\/wp\/v2\/users\/1"}],"replies":[{"embeddable":true,"href":"https:\/\/mecaniqueracine.ch\/de\/wp-json\/wp\/v2\/comments?post=378"}],"version-history":[{"count":0,"href":"https:\/\/mecaniqueracine.ch\/de\/wp-json\/wp\/v2\/pages\/378\/revisions"}],"wp:attachment":[{"href":"https:\/\/mecaniqueracine.ch\/de\/wp-json\/wp\/v2\/media?parent=378"}],"curies":[{"name":"wp","href":"https:\/\/api.w.org\/{rel}","templated":true}]}}