{"id":383,"date":"2022-01-31T08:50:39","date_gmt":"2022-01-31T08:50:39","guid":{"rendered":"https:\/\/centre-agro.mls-test.ch\/uber-uns\/"},"modified":"2025-02-10T09:39:19","modified_gmt":"2025-02-10T09:39:19","slug":"uber-uns","status":"publish","type":"page","link":"https:\/\/mecaniqueracine.ch\/de\/uber-uns\/","title":{"rendered":"\u00dcber uns"},"content":{"rendered":"<p>[et_pb_section fb_built=&#8220;1&#8243; custom_padding_last_edited=&#8220;on|phone&#8220; _builder_version=&#8220;4.16&#8243; _module_preset=&#8220;default&#8220; background_color_gradient_start=&#8220;rgba(255,255,255,0.68)&#8220; background_color_gradient_end=&#8220;rgba(255,255,255,0)&#8220; background_image=&#8220;https:\/\/mecaniqueracine.ch\/wp-content\/uploads\/2022\/03\/photo-batiment.jpg&#8220; custom_padding=&#8220;300px||300px||true|false&#8220; custom_padding_tablet=&#8220;200px||200px||true|false&#8220; custom_padding_phone=&#8220;150px||150px||true|false&#8220; background_last_edited=&#8220;off|desktop&#8220; use_background_color_gradient_tablet=&#8220;on&#8220; use_background_color_gradient_phone=&#8220;on&#8220; background_color_gradient_stops_tablet=&#8220;rgba(255,255,255,0.68) 0%|rgba(255,255,255,0) 100%&#8220; background_color_gradient_stops_phone=&#8220;rgba(255,255,255,0.68) 0%|rgba(255,255,255,0) 100%&#8220; background_color_gradient_end_tablet=&#8220;rgba(255,255,255,0)&#8220; background_color_gradient_end_phone=&#8220;rgba(255,255,255,0)&#8220; global_colors_info=&#8220;{}&#8220;][\/et_pb_section][et_pb_section fb_built=&#8220;1&#8243; _builder_version=&#8220;4.16&#8243; _module_preset=&#8220;default&#8220; custom_padding=&#8220;||||false|false&#8220; global_colors_info=&#8220;{}&#8220;][et_pb_row use_custom_gutter=&#8220;on&#8220; make_equal=&#8220;on&#8220; _builder_version=&#8220;4.16&#8243; _module_preset=&#8220;default&#8220; max_width=&#8220;1140px&#8220; global_colors_info=&#8220;{}&#8220;][et_pb_column type=&#8220;4_4&#8243; _builder_version=&#8220;4.16&#8243; _module_preset=&#8220;default&#8220; global_colors_info=&#8220;{}&#8220;][et_pb_text _builder_version=&#8220;4.23.1&#8243; _module_preset=&#8220;default&#8220; header_font=&#8220;Montserrat||||||||&#8220; header_text_color=&#8220;#000000&#8243; header_font_size=&#8220;35px&#8220; custom_margin=&#8220;||0px||false|false&#8220; hover_enabled=&#8220;0&#8243; header_font_size_tablet=&#8220;35px&#8220; header_font_size_phone=&#8220;25px&#8220; header_font_size_last_edited=&#8220;on|phone&#8220; global_colors_info=&#8220;{}&#8220; sticky_enabled=&#8220;0&#8243;]<\/p>\n<h1>Agromechanisches Zentrum Racine in Le Landeron<\/h1>\n<p>[\/et_pb_text][et_pb_text _builder_version=&#8220;4.16&#8243; _module_preset=&#8220;default&#8220; header_font=&#8220;Montserrat||||||||&#8220; header_text_color=&#8220;#000000&#8243; header_font_size=&#8220;35px&#8220; header_2_font=&#8220;Montserrat||||||||&#8220; header_2_text_color=&#8220;#000000&#8243; header_2_font_size=&#8220;60px&#8220; custom_margin=&#8220;||10px||false|false&#8220; header_2_font_size_tablet=&#8220;60px&#8220; header_2_font_size_phone=&#8220;44px&#8220; header_2_font_size_last_edited=&#8220;on|phone&#8220; global_colors_info=&#8220;{}&#8220;]<\/p>\n<h2><strong>\u00dcber uns<\/strong><\/h2>\n<p>[\/et_pb_text][\/et_pb_column][\/et_pb_row][et_pb_row column_structure=&#8220;1_2,1_2&#8243; use_custom_gutter=&#8220;on&#8220; make_equal=&#8220;on&#8220; _builder_version=&#8220;4.16&#8243; _module_preset=&#8220;default&#8220; max_width=&#8220;1140px&#8220; custom_css_main_element=&#8220;align-items: center;&#8220; global_colors_info=&#8220;{}&#8220;][et_pb_column type=&#8220;1_2&#8243; _builder_version=&#8220;4.16&#8243; _module_preset=&#8220;default&#8220; border_radii=&#8220;on|5px|5px|5px|5px&#8220; global_colors_info=&#8220;{}&#8220; custom_padding__hover_enabled=&#8220;off|desktop&#8220;][et_pb_text _builder_version=&#8220;4.23.1&#8243; _module_preset=&#8220;default&#8220; text_font=&#8220;Montserrat||||||||&#8220; hover_enabled=&#8220;0&#8243; global_colors_info=&#8220;{}&#8220; sticky_enabled=&#8220;0&#8243;]<\/p>\n<p>Das Centre agrom\u00e9canique Racine befindet sich im Dorf Le Landeron und bietet seit 1934 Privatpersonen und Gewerbetreibenden seine Dienste in Form von Vermietung, Verkauf, Reparatur und Wartung von Maschinen und Werkzeugen f\u00fcr Au\u00dfenarbeiten an, insbesondere f\u00fcr den Weinbau, den Gem\u00fcseanbau, den Garten, kleine Schlosserarbeiten und den Waldbereich. Unser Sortiment umfasst unter anderem Akku-Roboter, Akku-Rasenm\u00e4her, Freischneider, Heckenscheren und Kettens\u00e4gen.<\/p>\n<p>2017 sind wir in die Industriezone von Le Landeron umgezogen, um uns zu vergr\u00f6\u00dfern und in einer komfortableren Umgebung arbeiten zu k\u00f6nnen. Zudem k\u00f6nnen wir unsere Kunden mit einer sch\u00f6nen Ausstellung und einer gro\u00dfen Auswahl an neuen und gebrauchten Maschinen zufriedenstellen, darunter auch Traktoren und Ger\u00e4te mit robustem Chassis. Wir arbeiten mit ausgezeichneten Markenherstellern wie Honda, Stihl, Ambrogio, Husqvarna, Kr\u00e4nzle, Iseki, C+ zusammen und beziehen auf Wunsch weitere Produkte von anderen Lieferanten.<\/p>\n<p>Unser Unternehmen verf\u00fcgt \u00fcber ein Fahrzeug, mit dem Sie Ihre Maschine nach einer Reparatur oder einem Service bequem abholen und zur\u00fcckbringen lassen k\u00f6nnen.<\/p>\n<p>[\/et_pb_text][\/et_pb_column][et_pb_column type=&#8220;1_2&#8243; _builder_version=&#8220;4.16&#8243; _module_preset=&#8220;default&#8220; border_radii=&#8220;on|5px|5px|5px|5px&#8220; global_colors_info=&#8220;{}&#8220; custom_padding__hover_enabled=&#8220;off|desktop&#8220;][et_pb_image src=&#8220;https:\/\/mecaniqueracine.ch\/wp-content\/uploads\/2022\/03\/Homepage-Foto-1.jpg&#8220; title_text=&#8220;Homepage-Foto-1&#8243; _builder_version=&#8220;4.16&#8243; _module_preset=&#8220;default&#8220; border_radii=&#8220;on|5px|5px|5px|5px&#8220; global_colors_info=&#8220;{}&#8220;][\/et_pb_image][\/et_pb_column][\/et_pb_row][\/et_pb_section][et_pb_section fb_built=&#8220;1&#8243; _builder_version=&#8220;4.16&#8243; _module_preset=&#8220;default&#8220; custom_padding=&#8220;||||false|false&#8220; global_colors_info=&#8220;{}&#8220;][et_pb_row column_structure=&#8220;1_2,1_2&#8243; use_custom_gutter=&#8220;on&#8220; make_equal=&#8220;on&#8220; _builder_version=&#8220;4.16&#8243; _module_preset=&#8220;default&#8220; max_width=&#8220;1140px&#8220; custom_css_main_element=&#8220;align-items: center;&#8220; global_colors_info=&#8220;{}&#8220;][et_pb_column type=&#8220;1_2&#8243; _builder_version=&#8220;4.16&#8243; _module_preset=&#8220;default&#8220; border_radii=&#8220;on|5px|5px|5px|5px&#8220; global_colors_info=&#8220;{}&#8220; custom_padding__hover_enabled=&#8220;off|desktop&#8220;][et_pb_image src=&#8220;https:\/\/mecaniqueracine.ch\/wp-content\/uploads\/2022\/03\/motoculteur-location.jpg&#8220; title_text=&#8220;motoculteur location&#8220; _builder_version=&#8220;4.16&#8243; _module_preset=&#8220;default&#8220; border_radii=&#8220;on|5px|5px|5px|5px&#8220; global_colors_info=&#8220;{}&#8220;][\/et_pb_image][\/et_pb_column][et_pb_column type=&#8220;1_2&#8243; _builder_version=&#8220;4.16&#8243; _module_preset=&#8220;default&#8220; border_radii=&#8220;on|5px|5px|5px|5px&#8220; global_colors_info=&#8220;{}&#8220; custom_padding__hover_enabled=&#8220;off|desktop&#8220;][et_pb_text _builder_version=&#8220;4.23.1&#8243; _module_preset=&#8220;default&#8220; text_font=&#8220;Montserrat||||||||&#8220; hover_enabled=&#8220;0&#8243; global_colors_info=&#8220;{}&#8220; sticky_enabled=&#8220;0&#8243;]<\/p>\n<p>Kundendienst nur f\u00fcr unsere Marken. Bei uns erhalten Sie im Kaufpreis eine professionelle Beratung und einen qualitativ hochwertigen Kundendienst. Da Ihre Zeit kostbar ist, bieten unsere qualifizierten Mechaniker professionelle Leistungen f\u00fcr verschiedene Ger\u00e4te an, darunter Akku-Roboter, Akku-Rasenm\u00e4her, Freischneider, Heckenscheren und Kettens\u00e4gen. Ihre Zufriedenheit ist unsere beste Werbung.<\/p>\n<p>Wir garantieren, dass die von uns verkauften Werkzeuge repariert werden k\u00f6nnen und dass Ersatzteile \u00fcber unsere Lieferanten verf\u00fcgbar sind. Unsere Maschinen, darunter auch Ger\u00e4te f\u00fcr den Weinbau sowie ausgew\u00e4hlte Traktoren, sind auf Langlebigkeit und Wartungsfreundlichkeit ausgelegt.<\/p>\n<p>Wir unterst\u00fctzen nicht den Handel mit Konsumwerkzeugen, sondern setzen uns gegen Verschwendung und f\u00fcr den Schutz unseres Planeten ein. Deshalb f\u00f6rdern wir den Einsatz von hochwertigen, langlebigen und reparierbaren Werkzeugen, um Ihren Anforderungen gerecht zu werden.<\/p>\n<p>Kontaktieren Sie das Centre agrom\u00e9canique Racine in Le Landeron, wir helfen Ihnen gerne weiter.<\/p>\n<p>[\/et_pb_text][\/et_pb_column][\/et_pb_row][\/et_pb_section][et_pb_section fb_built=&#8220;1&#8243; _builder_version=&#8220;4.16&#8243; _module_preset=&#8220;default&#8220; background_color_gradient_start=&#8220;rgba(255,255,255,0.68)&#8220; background_color_gradient_end=&#8220;rgba(255,255,255,0)&#8220; background_image=&#8220;https:\/\/mecaniqueracine.ch\/wp-content\/uploads\/2022\/03\/gazon-arriere-plan.jpg&#8220; background_last_edited=&#8220;on|phone&#8220; use_background_color_gradient_tablet=&#8220;on&#8220; use_background_color_gradient_phone=&#8220;on&#8220; background_color_gradient_stops_tablet=&#8220;rgba(255,255,255,0.68) 0%|rgba(255,255,255,0) 100%&#8220; background_color_gradient_stops_phone=&#8220;rgba(255,255,255,0.68) 0%|rgba(255,255,255,0) 100%&#8220; background_color_gradient_end_tablet=&#8220;rgba(255,255,255,0)&#8220; background_color_gradient_end_phone=&#8220;rgba(255,255,255,0)&#8220; global_colors_info=&#8220;{}&#8220;][et_pb_row use_custom_gutter=&#8220;on&#8220; make_equal=&#8220;on&#8220; _builder_version=&#8220;4.16&#8243; _module_preset=&#8220;default&#8220; max_width=&#8220;1140px&#8220; custom_padding=&#8220;0px||0px||false|false&#8220; global_colors_info=&#8220;{}&#8220;][et_pb_column type=&#8220;4_4&#8243; _builder_version=&#8220;4.16&#8243; _module_preset=&#8220;default&#8220; global_colors_info=&#8220;{}&#8220;][et_pb_text _builder_version=&#8220;4.16&#8243; _module_preset=&#8220;default&#8220; header_font=&#8220;Montserrat||||||||&#8220; header_text_color=&#8220;#000000&#8243; header_font_size=&#8220;35px&#8220; header_2_font=&#8220;Montserrat||||||||&#8220; header_2_text_color=&#8220;#000000&#8243; header_2_font_size=&#8220;60px&#8220; header_3_font=&#8220;Montserrat||||||||&#8220; header_3_text_color=&#8220;#FFFFFF&#8220; header_3_font_size=&#8220;40px&#8220; custom_margin=&#8220;||0px|-3px|false|false&#8220; header_2_font_size_tablet=&#8220;60px&#8220; header_2_font_size_phone=&#8220;44px&#8220; header_2_font_size_last_edited=&#8220;on|phone&#8220; header_3_font_size_tablet=&#8220;40px&#8220; header_3_font_size_phone=&#8220;30px&#8220; header_3_font_size_last_edited=&#8220;on|phone&#8220; global_colors_info=&#8220;{}&#8220;]<\/p>\n<h3><strong>\u00d6ffnungszeiten<\/strong><\/h3>\n<p>[\/et_pb_text][\/et_pb_column][\/et_pb_row][et_pb_row column_structure=&#8220;1_3,1_3,1_3&#8243; use_custom_gutter=&#8220;on&#8220; make_equal=&#8220;on&#8220; _builder_version=&#8220;4.16&#8243; _module_preset=&#8220;default&#8220; max_width=&#8220;1140px&#8220; global_colors_info=&#8220;{}&#8220;][et_pb_column type=&#8220;1_3&#8243; _builder_version=&#8220;4.16&#8243; _module_preset=&#8220;default&#8220; background_color=&#8220;#FFFFFF&#8220; custom_padding=&#8220;20px|20px|20px|20px|true|true&#8220; border_radii=&#8220;on|5px|5px|5px|5px&#8220; box_shadow_style=&#8220;preset1&#8243; box_shadow_color=&#8220;rgba(0,0,0,0.1)&#8220; global_colors_info=&#8220;{}&#8220;][et_pb_blurb title=&#8220;Montag &#8211; Freitag&#8220; icon_placement=&#8220;left&#8220; image_icon_width=&#8220;45px&#8220; _builder_version=&#8220;4.16&#8243; _module_preset=&#8220;default&#8220; header_font=&#8220;Montserrat|700|||||||&#8220; header_text_color=&#8220;#000000&#8243; body_font=&#8220;Montserrat||||||||&#8220; global_colors_info=&#8220;{}&#8220;]<\/p>\n<p>07:30 &#8211; 12:00 | 13:30 &#8211; 17:30<\/p>\n<p>[\/et_pb_blurb][\/et_pb_column][et_pb_column type=&#8220;1_3&#8243; _builder_version=&#8220;4.16&#8243; _module_preset=&#8220;default&#8220; background_color=&#8220;#FFFFFF&#8220; custom_padding=&#8220;20px|20px|20px|20px|true|true&#8220; border_radii=&#8220;on|5px|5px|5px|5px&#8220; box_shadow_style=&#8220;preset1&#8243; box_shadow_color=&#8220;rgba(0,0,0,0.1)&#8220; global_colors_info=&#8220;{}&#8220;][et_pb_blurb title=&#8220;Samstag&#8220; icon_placement=&#8220;left&#8220; image_icon_width=&#8220;45px&#8220; _builder_version=&#8220;4.23.1&#8243; _module_preset=&#8220;default&#8220; header_font=&#8220;Montserrat|700|||||||&#8220; header_text_color=&#8220;#000000&#8243; body_font=&#8220;Montserrat||||||||&#8220; global_colors_info=&#8220;{}&#8220;]<\/p>\n<p>auf Vereinbarung<\/p>\n<p>[\/et_pb_blurb][\/et_pb_column][et_pb_column type=&#8220;1_3&#8243; _builder_version=&#8220;4.16&#8243; _module_preset=&#8220;default&#8220; background_color=&#8220;#FFFFFF&#8220; custom_padding=&#8220;20px|20px|20px|20px|true|true&#8220; border_radii=&#8220;on|5px|5px|5px|5px&#8220; box_shadow_style=&#8220;preset1&#8243; box_shadow_color=&#8220;rgba(0,0,0,0.1)&#8220; global_colors_info=&#8220;{}&#8220;][et_pb_blurb title=&#8220;Sonntag&#8220; icon_placement=&#8220;left&#8220; image_icon_width=&#8220;45px&#8220; _builder_version=&#8220;4.16&#8243; _module_preset=&#8220;default&#8220; header_font=&#8220;Montserrat|700|||||||&#8220; header_text_color=&#8220;#000000&#8243; body_font=&#8220;Montserrat||||||||&#8220; global_colors_info=&#8220;{}&#8220;]Wir haben geschlossen[\/et_pb_blurb][\/et_pb_column][\/et_pb_row][\/et_pb_section]<\/p>\n","protected":false},"excerpt":{"rendered":"<p>Agromechanisches Zentrum Racine in Le Landeron\u00dcber unsDas Centre agrom\u00e9canique Racine befindet sich im Dorf Le Landeron und bietet seit 1934 Privatpersonen und Gewerbetreibenden seine Dienste in Form von Vermietung, Verkauf, Reparatur und Wartung von Maschinen und Werkzeugen f\u00fcr Au\u00dfenarbeiten an, insbesondere f\u00fcr den Weinbau, den Gem\u00fcseanbau, den Garten, kleine Schlosserarbeiten und den Waldbereich. Unser Sortiment umfasst unter anderem Akku-Roboter, Akku-Rasenm\u00e4her, Freischneider, Heckenscheren und Kettens\u00e4gen. 2017 sind wir in die Industriezone von Le Landeron umgezogen, um uns zu vergr\u00f6\u00dfern und in einer komfortableren Umgebung arbeiten zu k\u00f6nnen. Zudem k\u00f6nnen wir unsere Kunden mit einer sch\u00f6nen Ausstellung und einer gro\u00dfen Auswahl an neuen und gebrauchten Maschinen zufriedenstellen, darunter auch Traktoren und Ger\u00e4te mit robustem Chassis. Wir arbeiten mit ausgezeichneten Markenherstellern wie Honda, Stihl, Ambrogio, Husqvarna, Kr\u00e4nzle, Iseki, C+ zusammen und beziehen auf Wunsch weitere Produkte von anderen Lieferanten. Unser Unternehmen verf\u00fcgt \u00fcber ein Fahrzeug, mit dem Sie Ihre Maschine nach einer Reparatur oder einem Service bequem abholen und zur\u00fcckbringen lassen k\u00f6nnen.Kundendienst nur f\u00fcr unsere Marken. Bei uns erhalten Sie im Kaufpreis eine professionelle Beratung und einen qualitativ hochwertigen Kundendienst. Da Ihre Zeit kostbar ist, bieten unsere qualifizierten Mechaniker professionelle Leistungen f\u00fcr verschiedene Ger\u00e4te an, darunter Akku-Roboter, Akku-Rasenm\u00e4her, Freischneider, Heckenscheren und Kettens\u00e4gen. Ihre [&hellip;]<\/p>\n","protected":false},"author":1,"featured_media":0,"parent":0,"menu_order":0,"comment_status":"closed","ping_status":"closed","template":"","meta":{"_et_pb_use_builder":"on","_et_pb_old_content":"","_et_gb_content_width":"","footnotes":""},"class_list":["post-383","page","type-page","status-publish","hentry"],"yoast_head":"<!-- This site is optimized with the Yoast SEO plugin v27.4 - https:\/\/yoast.com\/product\/yoast-seo-wordpress\/ -->\n<title>\u00dcber uns - Agromechanisches Zentrum Racine in Le Landeron<\/title>\n<meta name=\"description\" content=\"Das Centre agrom\u00e9canique Racine befindet sich im Dorf Le Landeron und bietet seit 1934 Privatpersonen und Gewerbetreibenden seine Dienste an.\" \/>\n<meta name=\"robots\" content=\"index, follow, max-snippet:-1, max-image-preview:large, max-video-preview:-1\" \/>\n<link rel=\"canonical\" href=\"https:\/\/mecaniqueracine.ch\/qui-sommes-nous\/\" \/>\n<meta property=\"og:locale\" content=\"de_DE\" \/>\n<meta property=\"og:type\" content=\"article\" \/>\n<meta property=\"og:title\" content=\"\u00dcber uns - Agromechanisches Zentrum Racine in Le Landeron\" \/>\n<meta property=\"og:description\" content=\"Das Centre agrom\u00e9canique Racine befindet sich im Dorf Le Landeron und bietet seit 1934 Privatpersonen und Gewerbetreibenden seine Dienste an.\" \/>\n<meta property=\"og:url\" content=\"https:\/\/mecaniqueracine.ch\/qui-sommes-nous\/\" \/>\n<meta property=\"og:site_name\" content=\"Agromechanisches Zentrum Racine\" \/>\n<meta property=\"article:modified_time\" content=\"2025-02-10T09:39:19+00:00\" \/>\n<meta name=\"twitter:card\" content=\"summary_large_image\" \/>\n<meta name=\"twitter:label1\" content=\"Gesch\u00e4tzte Lesezeit\" \/>\n\t<meta name=\"twitter:data1\" content=\"3\u00a0Minuten\" \/>\n<script type=\"application\/ld+json\" class=\"yoast-schema-graph\">{\"@context\":\"https:\\\/\\\/schema.org\",\"@graph\":[{\"@type\":\"WebPage\",\"@id\":\"https:\\\/\\\/mecaniqueracine.ch\\\/qui-sommes-nous\\\/\",\"url\":\"https:\\\/\\\/mecaniqueracine.ch\\\/qui-sommes-nous\\\/\",\"name\":\"\u00dcber uns - Agromechanisches Zentrum Racine in Le Landeron\",\"isPartOf\":{\"@id\":\"https:\\\/\\\/mecaniqueracine.ch\\\/#website\"},\"datePublished\":\"2022-01-31T08:50:39+00:00\",\"dateModified\":\"2025-02-10T09:39:19+00:00\",\"description\":\"Das Centre agrom\u00e9canique Racine befindet sich im Dorf Le Landeron und bietet seit 1934 Privatpersonen und Gewerbetreibenden seine Dienste an.\",\"breadcrumb\":{\"@id\":\"https:\\\/\\\/mecaniqueracine.ch\\\/qui-sommes-nous\\\/#breadcrumb\"},\"inLanguage\":\"de\",\"potentialAction\":[{\"@type\":\"ReadAction\",\"target\":[\"https:\\\/\\\/mecaniqueracine.ch\\\/qui-sommes-nous\\\/\"]}]},{\"@type\":\"BreadcrumbList\",\"@id\":\"https:\\\/\\\/mecaniqueracine.ch\\\/qui-sommes-nous\\\/#breadcrumb\",\"itemListElement\":[{\"@type\":\"ListItem\",\"position\":1,\"name\":\"Accueil\",\"item\":\"https:\\\/\\\/mecaniqueracine.ch\\\/de\\\/\"},{\"@type\":\"ListItem\",\"position\":2,\"name\":\"\u00dcber uns\"}]},{\"@type\":\"WebSite\",\"@id\":\"https:\\\/\\\/mecaniqueracine.ch\\\/#website\",\"url\":\"https:\\\/\\\/mecaniqueracine.ch\\\/\",\"name\":\"Agromechanisches Zentrum Racine\",\"description\":\"Just another WordPress site\",\"potentialAction\":[{\"@type\":\"SearchAction\",\"target\":{\"@type\":\"EntryPoint\",\"urlTemplate\":\"https:\\\/\\\/mecaniqueracine.ch\\\/?s={search_term_string}\"},\"query-input\":{\"@type\":\"PropertyValueSpecification\",\"valueRequired\":true,\"valueName\":\"search_term_string\"}}],\"inLanguage\":\"de\"}]}<\/script>\n<!-- \/ Yoast SEO plugin. -->","yoast_head_json":{"title":"\u00dcber uns - Agromechanisches Zentrum Racine in Le Landeron","description":"Das Centre agrom\u00e9canique Racine befindet sich im Dorf Le Landeron und bietet seit 1934 Privatpersonen und Gewerbetreibenden seine Dienste an.","robots":{"index":"index","follow":"follow","max-snippet":"max-snippet:-1","max-image-preview":"max-image-preview:large","max-video-preview":"max-video-preview:-1"},"canonical":"https:\/\/mecaniqueracine.ch\/qui-sommes-nous\/","og_locale":"de_DE","og_type":"article","og_title":"\u00dcber uns - Agromechanisches Zentrum Racine in Le Landeron","og_description":"Das Centre agrom\u00e9canique Racine befindet sich im Dorf Le Landeron und bietet seit 1934 Privatpersonen und Gewerbetreibenden seine Dienste an.","og_url":"https:\/\/mecaniqueracine.ch\/qui-sommes-nous\/","og_site_name":"Agromechanisches Zentrum Racine","article_modified_time":"2025-02-10T09:39:19+00:00","twitter_card":"summary_large_image","twitter_misc":{"Gesch\u00e4tzte Lesezeit":"3\u00a0Minuten"},"schema":{"@context":"https:\/\/schema.org","@graph":[{"@type":"WebPage","@id":"https:\/\/mecaniqueracine.ch\/qui-sommes-nous\/","url":"https:\/\/mecaniqueracine.ch\/qui-sommes-nous\/","name":"\u00dcber uns - Agromechanisches Zentrum Racine in Le Landeron","isPartOf":{"@id":"https:\/\/mecaniqueracine.ch\/#website"},"datePublished":"2022-01-31T08:50:39+00:00","dateModified":"2025-02-10T09:39:19+00:00","description":"Das Centre agrom\u00e9canique Racine befindet sich im Dorf Le Landeron und bietet seit 1934 Privatpersonen und Gewerbetreibenden seine Dienste an.","breadcrumb":{"@id":"https:\/\/mecaniqueracine.ch\/qui-sommes-nous\/#breadcrumb"},"inLanguage":"de","potentialAction":[{"@type":"ReadAction","target":["https:\/\/mecaniqueracine.ch\/qui-sommes-nous\/"]}]},{"@type":"BreadcrumbList","@id":"https:\/\/mecaniqueracine.ch\/qui-sommes-nous\/#breadcrumb","itemListElement":[{"@type":"ListItem","position":1,"name":"Accueil","item":"https:\/\/mecaniqueracine.ch\/de\/"},{"@type":"ListItem","position":2,"name":"\u00dcber uns"}]},{"@type":"WebSite","@id":"https:\/\/mecaniqueracine.ch\/#website","url":"https:\/\/mecaniqueracine.ch\/","name":"Agromechanisches Zentrum Racine","description":"Just another WordPress site","potentialAction":[{"@type":"SearchAction","target":{"@type":"EntryPoint","urlTemplate":"https:\/\/mecaniqueracine.ch\/?s={search_term_string}"},"query-input":{"@type":"PropertyValueSpecification","valueRequired":true,"valueName":"search_term_string"}}],"inLanguage":"de"}]}},"_links":{"self":[{"href":"https:\/\/mecaniqueracine.ch\/de\/wp-json\/wp\/v2\/pages\/383","targetHints":{"allow":["GET"]}}],"collection":[{"href":"https:\/\/mecaniqueracine.ch\/de\/wp-json\/wp\/v2\/pages"}],"about":[{"href":"https:\/\/mecaniqueracine.ch\/de\/wp-json\/wp\/v2\/types\/page"}],"author":[{"embeddable":true,"href":"https:\/\/mecaniqueracine.ch\/de\/wp-json\/wp\/v2\/users\/1"}],"replies":[{"embeddable":true,"href":"https:\/\/mecaniqueracine.ch\/de\/wp-json\/wp\/v2\/comments?post=383"}],"version-history":[{"count":0,"href":"https:\/\/mecaniqueracine.ch\/de\/wp-json\/wp\/v2\/pages\/383\/revisions"}],"wp:attachment":[{"href":"https:\/\/mecaniqueracine.ch\/de\/wp-json\/wp\/v2\/media?parent=383"}],"curies":[{"name":"wp","href":"https:\/\/api.w.org\/{rel}","templated":true}]}}